{"id":90,"date":"2026-03-07T21:58:23","date_gmt":"2026-03-07T21:58:23","guid":{"rendered":"https:\/\/tunnos.fi\/?page_id=90"},"modified":"2026-03-17T16:02:00","modified_gmt":"2026-03-17T16:02:00","slug":"tietoa-yrityksesta","status":"publish","type":"page","link":"https:\/\/tunnos.fi\/index.php\/tietoa-yrityksesta\/","title":{"rendered":"Tietoa yrityksest\u00e4"},"content":{"rendered":"\n<p class=\"has-dm-sans-font-family\" style=\"font-size:clamp(14px, 0.875rem + ((1vw - 3.2px) * 0.227), 16px);font-style:normal;font-weight:700\">Yrityksen taustaa<\/p>\n\n\n\n<p class=\"has-dm-sans-font-family\" style=\"font-size:13px\">Yritys on perustettu rakkaudesta lapsiin, ja halusta auttaa vanhempia, jotka painivat erilaisten kasvatuskysymysten \u00e4\u00e4rell\u00e4. Uskon, ett\u00e4 paras tapa mahdollistaa lapsille riitt\u00e4v\u00e4t ev\u00e4\u00e4t el\u00e4m\u00e4\u00e4 varten, on tukea vanhempia heid\u00e4n teht\u00e4v\u00e4ss\u00e4\u00e4n. Haluan kuulla vanhempien huolia ja ajatuksia, antaa heille selkeit\u00e4 suuntaviivoja ja olla rinnallakulkijana.<\/p>\n\n\n\n<p class=\"has-dm-sans-font-family\" style=\"font-size:13px\">Koulutukseltani olen kasvatustieteen maisteri, sivuaineina psykologia ja erityispedagogiikka. Lis\u00e4ksi olen kouluttautunut Lasten ja nuorten tunnetaito-ohjaajaksi. Minulla on omien 13 lapsen kasvattamisen kautta pitk\u00e4 ja vankka kokemus k\u00e4yt\u00e4nn\u00f6n ty\u00f6st\u00e4 ja haasteista, joita vanhemmat kasvattajina kohtaavat.&nbsp;<\/p>\n\n\n\n<figure class=\"wp-block-image aligncenter size-full is-resized has-custom-border is-style-rounded\"><img decoding=\"async\" src=\"https:\/\/tunnos.fi\/wp-content\/uploads\/2026\/03\/Lapsi.jpg\" alt=\"\" class=\"wp-image-242\" style=\"border-width:2px;width:307px;height:auto\"\/><\/figure>\n\n\n\n<p class=\"has-dm-sans-font-family\" style=\"font-size:13px\">T\u00e4rkeit\u00e4 periaatteita, jotka minua ohjaavat sek\u00e4 omien lasten kasvatuksessa ett\u00e4 yritystoiminnassa, on kolme:<\/p>\n\n\n\n<ul style=\"margin-top:0;margin-bottom:0;font-size:13px\" class=\"wp-block-list has-dm-sans-font-family\">\n<li class=\"has-dm-sans-font-family\" style=\"font-size:13px\">Lapsen tarvitsevuuden hyv\u00e4ksyminen<\/li>\n\n\n\n<li style=\"font-size:13px\">Aikuisen el\u00e4m\u00e4nmenon sovittaminen lapsen hitaaseen kehitykseen<\/li>\n\n\n\n<li style=\"font-size:13px\">Kiintymyssuhteen ottaminen kasvatuksessa keski\u00f6\u00f6n<\/li>\n<\/ul>\n\n\n\n<p class=\"has-dm-sans-font-family\" style=\"font-size:13px\">Yritys toimii l\u00e4hitapaamisissa (esimerkiksi lasten tunnetaitoryhm\u00e4t) Kuusamossa ja l\u00e4hialueella. <\/p>\n\n\n\n<div class=\"wp-block-buttons is-content-justification-center is-layout-flex wp-container-core-buttons-is-layout-a89b3969 wp-block-buttons-is-layout-flex\">\n<div class=\"wp-block-button\"><a class=\"wp-block-button__link wp-element-button\" href=\"https:\/\/tunnos.fi\/index.php\/palvelut\/\">Palvelut<\/a><\/div>\n\n\n\n<div class=\"wp-block-button\"><a class=\"wp-block-button__link wp-element-button\" href=\"https:\/\/tunnos.fi\/index.php\/yhteystiedot\/\">Yhteystiedot<\/a><\/div>\n<\/div>\n\n\n\n<p class=\"has-dm-sans-font-family\" style=\"font-size:12px\">Yritys on saanut julkista k\u00e4ynnistystukea Euroopan maaseuturahastosta verkkosivujen ja markkinoinnin suunnitteluun, pienhankintoihin, tarvikkeisiin ja koulutukseen 7500\u20ac.<\/p>\n","protected":false},"excerpt":{"rendered":"<p>Yrityksen taustaa Yritys on perustettu rakkaudesta lapsiin, ja halusta auttaa vanhempia, jotka painivat erilaisten kasvatuskysymysten \u00e4\u00e4rell\u00e4. Uskon, ett\u00e4 paras tapa mahdollistaa lapsille riitt\u00e4v\u00e4t ev\u00e4\u00e4t el\u00e4m\u00e4\u00e4 varten, on tukea vanhempia heid\u00e4n teht\u00e4v\u00e4ss\u00e4\u00e4n. Haluan kuulla vanhempien huolia ja ajatuksia, antaa heille selkeit\u00e4 suuntaviivoja ja olla rinnallakulkijana. Koulutukseltani olen kasvatustieteen maisteri, sivuaineina psykologia ja erityispedagogiikka. Lis\u00e4ksi olen kouluttautunut [&hellip;]<\/p>\n","protected":false},"author":1,"featured_media":0,"parent":0,"menu_order":0,"comment_status":"closed","ping_status":"closed","template":"","meta":{"footnotes":""},"class_list":["post-90","page","type-page","status-publish","hentry"],"_links":{"self":[{"href":"https:\/\/tunnos.fi\/index.php\/wp-json\/wp\/v2\/pages\/90","targetHints":{"allow":["GET"]}}],"collection":[{"href":"https:\/\/tunnos.fi\/index.php\/wp-json\/wp\/v2\/pages"}],"about":[{"href":"https:\/\/tunnos.fi\/index.php\/wp-json\/wp\/v2\/types\/page"}],"author":[{"embeddable":true,"href":"https:\/\/tunnos.fi\/index.php\/wp-json\/wp\/v2\/users\/1"}],"replies":[{"embeddable":true,"href":"https:\/\/tunnos.fi\/index.php\/wp-json\/wp\/v2\/comments?post=90"}],"version-history":[{"count":10,"href":"https:\/\/tunnos.fi\/index.php\/wp-json\/wp\/v2\/pages\/90\/revisions"}],"predecessor-version":[{"id":260,"href":"https:\/\/tunnos.fi\/index.php\/wp-json\/wp\/v2\/pages\/90\/revisions\/260"}],"wp:attachment":[{"href":"https:\/\/tunnos.fi\/index.php\/wp-json\/wp\/v2\/media?parent=90"}],"curies":[{"name":"wp","href":"https:\/\/api.w.org\/{rel}","templated":true}]}}