{"id":53,"date":"2026-02-16T20:32:42","date_gmt":"2026-02-16T20:32:42","guid":{"rendered":"https:\/\/tunnos.fi\/?page_id=53"},"modified":"2026-03-17T17:05:23","modified_gmt":"2026-03-17T17:05:23","slug":"palvelut","status":"publish","type":"page","link":"https:\/\/tunnos.fi\/index.php\/palvelut\/","title":{"rendered":"Palvelut"},"content":{"rendered":"\n<div style=\"height:0px\" aria-hidden=\"true\" class=\"wp-block-spacer\"><\/div>\n\n\n\n<hr class=\"wp-block-separator has-alpha-channel-opacity is-style-wide\"\/>\n\n\n\n<p class=\"has-dm-sans-font-family\" style=\"padding-top:0;padding-right:0;padding-bottom:0;padding-left:0;font-size:clamp(14px, 0.875rem + ((1vw - 3.2px) * 0.682), 20px);font-style:normal;font-weight:700\"><strong>Tunnos \u2013 Kasvun tuokio 50 \u20ac<\/strong><\/p>\n\n\n\n<p class=\"has-text-align-left has-dm-sans-font-family\" style=\"margin-top:0;margin-bottom:0;font-size:13px\">Matalan kynnyksen tuki silloin, kun huoli tai kysymys on viel\u00e4 pieni \u2013 tai kun kaipaat ammattilaisen n\u00e4k\u00f6kulmaa arjen tilanteeseen.<\/p>\n\n\n\n<p class=\"has-dm-sans-font-family\" style=\"margin-top:0;margin-bottom:0;font-size:13px\"><strong>Sis\u00e4lt\u00e4\u00e4:<\/strong><\/p>\n\n\n\n<ul style=\"margin-top:0;margin-right:0;margin-bottom:0;margin-left:0;font-size:13px\" class=\"wp-block-list\">\n<li class=\"has-dm-sans-font-family\" style=\"margin-top:0;margin-bottom:0\">30 minuutin keskustelu et\u00e4yhteydell\u00e4 (sopimuksen mukaan puhelu tai videopuhelu)<\/li>\n\n\n\n<li class=\"has-dm-sans-font-family\">Mahdollisuus pohtia jatkotuen tarvetta<\/li>\n<\/ul>\n\n\n\n<p style=\"margin-top:var(--wp--preset--spacing--30);margin-bottom:var(--wp--preset--spacing--30);font-size:13px\"><em>Sopii tilanteisiin, joissa kaipaat nopeaa kuuntelua ja tilanteen selkeytt\u00e4mist\u00e4.<\/em> <\/p>\n\n\n\n<hr class=\"wp-block-separator has-alpha-channel-opacity is-style-wide\"\/>\n\n\n\n<div style=\"height:10px\" aria-hidden=\"true\" class=\"wp-block-spacer\"><\/div>\n\n\n\n<p class=\"has-dm-sans-font-family\" style=\"margin-top:0;margin-bottom:0;font-size:clamp(14px, 0.875rem + ((1vw - 3.2px) * 0.682), 20px);font-style:normal;font-weight:700\"><strong><strong><strong>Tunnos \u2013 Kasvun paloja 75\u20ac<\/strong><\/strong><\/strong><\/p>\n\n\n\n<p class=\"has-text-align-left has-dm-sans-font-family\" style=\"margin-top:0;margin-bottom:0;font-size:13px\">WhatsApp-viestill\u00e4 apua arjen yksitt\u00e4isiin ja nopeisiin tilanteisiin.<\/p>\n\n\n\n<p class=\"has-dm-sans-font-family\" style=\"margin-top:0;margin-bottom:0;font-size:13px\"><strong>Sis\u00e4lt\u00e4\u00e4:<\/strong><\/p>\n\n\n\n<ul style=\"margin-top:0;margin-bottom:0;font-size:13px\" class=\"wp-block-list\">\n<li class=\"has-dm-sans-font-family\" style=\"margin-top:0;margin-bottom:0\">Tilannekartoituksen<\/li>\n\n\n\n<li class=\"has-dm-sans-font-family\">Toimintamalli ja tuki tilanteessa etenemiseen WhatsApp -viesteill\u00e4<\/li>\n\n\n\n<li class=\"has-dm-sans-font-family\">Tarkentavia kysymyksi\u00e4 ja jatkotukea<\/li>\n\n\n\n<li class=\"has-dm-sans-font-family\">4-5 viestikierrosta asiakkaan kanssa<\/li>\n<\/ul>\n\n\n\n<p style=\"margin-top:var(--wp--preset--spacing--30);margin-bottom:var(--wp--preset--spacing--30);font-size:13px\"><em>Sopii tilanteisiin, joissa kaipaat nopeaa ja helppoa kommunikointia ammattilaisen kanssa.<\/em><\/p>\n\n\n\n<hr class=\"wp-block-separator has-alpha-channel-opacity is-style-wide\"\/>\n\n\n\n<div style=\"height:10px\" aria-hidden=\"true\" class=\"wp-block-spacer\"><\/div>\n\n\n\n<p class=\"has-dm-sans-font-family\" style=\"margin-top:0;margin-bottom:0;font-size:clamp(14px, 0.875rem + ((1vw - 3.2px) * 0.682), 20px);font-style:normal;font-weight:700\"><strong><strong>Tunnos \u2013 Kasvun suunta 100 \u20ac<\/strong><\/strong><\/p>\n\n\n\n<p class=\"has-text-align-left has-dm-sans-font-family\" style=\"margin-top:0;margin-bottom:0;font-size:13px\">Syvemp\u00e4\u00e4 tukea tilanteeseen, joka kuormittaa arkea tai her\u00e4tt\u00e4\u00e4 huolta lapsen tai nuoren hyvinvoinnista.<\/p>\n\n\n\n<p class=\"has-dm-sans-font-family\" style=\"margin-top:0;margin-bottom:0;font-size:13px\"><strong>Sis\u00e4lt\u00e4\u00e4:<\/strong><\/p>\n\n\n\n<ul style=\"margin-top:0;margin-bottom:0;font-size:13px\" class=\"wp-block-list\">\n<li class=\"has-dm-sans-font-family\" style=\"margin-top:0;margin-bottom:0\">Tilanteen alkukartoitus kirjallisesti<\/li>\n\n\n\n<li class=\"has-dm-sans-font-family\">60 minuutin keskustelu et\u00e4yhteydell\u00e4 (sopimuksen mukaan puhelu tai videopuhelu)<\/li>\n\n\n\n<li class=\"has-dm-sans-font-family\">Lyhyt yhteenveto ja jatkosuositus (halutessa)<\/li>\n<\/ul>\n\n\n\n<p style=\"margin-top:var(--wp--preset--spacing--30);margin-bottom:var(--wp--preset--spacing--30);font-size:13px\"><em>Sopii tilanteisiin, jotka vaativat perusteellisempaa pys\u00e4htymist\u00e4 ja pohtimista.<\/em><\/p>\n\n\n\n<hr class=\"wp-block-separator has-alpha-channel-opacity is-style-wide\"\/>\n\n\n\n<div style=\"height:10px\" aria-hidden=\"true\" class=\"wp-block-spacer\"><\/div>\n\n\n\n<p class=\"has-dm-sans-font-family\" style=\"margin-top:0;margin-bottom:0;font-size:clamp(14px, 0.875rem + ((1vw - 3.2px) * 0.682), 20px);font-style:normal;font-weight:700\"><strong><strong><strong>Tunnos \u2013 Kasvun polku 150\u20ac<\/strong><\/strong><\/strong><\/p>\n\n\n\n<p class=\"has-text-align-left has-dm-sans-font-family\" style=\"margin-top:0;margin-bottom:0;font-size:13px\">S\u00e4hk\u00f6postiviestill\u00e4 kattavaa reflektointia kasvatuksen haasteista.<\/p>\n\n\n\n<p class=\"has-dm-sans-font-family\" style=\"margin-top:0;margin-bottom:0;font-size:13px\"><strong>Sis\u00e4lt\u00e4\u00e4:<\/strong><\/p>\n\n\n\n<ul style=\"margin-top:0;margin-bottom:0;font-size:13px\" class=\"wp-block-list\">\n<li class=\"has-dm-sans-font-family\" style=\"margin-top:0;margin-bottom:0\">3-4 s\u00e4hk\u00f6postikierrosta asiakkaan kanssa<\/li>\n\n\n\n<li class=\"has-dm-sans-font-family\">Analyyttista tarkastelua kasvatuksen kipukohdista ja ammattilaisen n\u00e4k\u00f6kulmia<\/li>\n\n\n\n<li class=\"has-dm-sans-font-family\">Selkeit\u00e4 suuntaviivoja k\u00e4yt\u00e4nn\u00f6n arkeen<\/li>\n<\/ul>\n\n\n\n<p style=\"margin-top:var(--wp--preset--spacing--30);margin-bottom:var(--wp--preset--spacing--30);font-size:13px\"><em>Sopii tilanteisiin, joissa kaipaat laajaa haasteiden k\u00e4sittely\u00e4 ammattilaisen kanssa ja uusia n\u00e4k\u00f6aloja kasvatukseen. <\/em><\/p>\n\n\n\n<hr class=\"wp-block-separator has-alpha-channel-opacity is-style-wide\"\/>\n\n\n\n<div style=\"height:10px\" aria-hidden=\"true\" class=\"wp-block-spacer\"><\/div>\n\n\n\n<p class=\"has-dm-sans-font-family\" style=\"margin-top:0;margin-bottom:0;font-size:clamp(14px, 0.875rem + ((1vw - 3.2px) * 0.682), 20px);font-style:normal;font-weight:700\"><strong><strong><strong>Tunnos \u2013 Kasvun kartta 200 \u20ac<\/strong><\/strong><\/strong><\/p>\n\n\n\n<p class=\"has-text-align-left has-dm-sans-font-family\" style=\"margin-top:0;margin-bottom:0;font-size:13px\">Kokonaisvaltainen tukikokonaisuus perheelle, joka haluaa vahvistaa perheen vuorovaikutusta ja saada tukea useamman tapaamisen ajan.<\/p>\n\n\n\n<p class=\"has-dm-sans-font-family\" style=\"margin-top:0;margin-bottom:0;font-size:13px\"><strong>Sis\u00e4lt\u00e4\u00e4:<\/strong><\/p>\n\n\n\n<ul style=\"margin-top:0;margin-bottom:0;font-size:13px\" class=\"wp-block-list\">\n<li class=\"has-dm-sans-font-family\" style=\"margin-top:0;margin-bottom:0\">Tilanteen alkukartoitus kirjallisesti<\/li>\n\n\n\n<li class=\"has-dm-sans-font-family\">3 et\u00e4tapaamista (\u00e1 30 min) (sopimuksen mukaan puhelu tai videopuhelu)<\/li>\n\n\n\n<li class=\"has-dm-sans-font-family\">Jokaisen tapaamisen j\u00e4lkeen yhteenveto kirjallisesti<\/li>\n\n\n\n<li class=\"has-dm-sans-font-family\">Pikaviestituki puhelujen v\u00e4lill\u00e4<\/li>\n<\/ul>\n\n\n\n<p style=\"margin-top:var(--wp--preset--spacing--30);margin-bottom:var(--wp--preset--spacing--30);font-size:13px\"><em>Sopii tilanteisiin, joissa kaipaat ammattilaisen rinnalla kulkemista pidemm\u00e4n aikaa.<\/em><\/p>\n\n\n\n<hr class=\"wp-block-separator has-alpha-channel-opacity is-style-wide\"\/>\n\n\n\n<div style=\"height:10px\" aria-hidden=\"true\" class=\"wp-block-spacer\"><\/div>\n\n\n\n<p class=\"has-dm-sans-font-family\" style=\"margin-top:0;margin-bottom:0;font-size:clamp(14px, 0.875rem + ((1vw - 3.2px) * 0.682), 20px);font-style:normal;font-weight:700\"><strong><strong><strong>Tunnos \u2013 Lasten tunnetaitoryhm\u00e4 <\/strong><\/strong><\/strong><\/p>\n\n\n\n<p class=\"has-dm-sans-font-family\" style=\"margin-top:0;margin-bottom:0;font-size:clamp(14px, 0.875rem + ((1vw - 3.2px) * 0.682), 20px);font-style:normal;font-weight:700\"><strong><strong><strong>20\u20ac\/lapsi\/kerta<\/strong><\/strong><\/strong><\/p>\n\n\n\n<p class=\"has-text-align-left has-dm-sans-font-family\" style=\"margin-top:0;margin-bottom:0;font-size:13px\">Lasten tunnetaitojen opettelua ryhm\u00e4ss\u00e4 l\u00e4hitapaamisena (Kuusamossa tai l\u00e4hialueella)<\/p>\n\n\n\n<p class=\"has-dm-sans-font-family\" style=\"margin-top:0;margin-bottom:0;font-size:13px\"><strong>Sis\u00e4lt\u00e4\u00e4:<\/strong><\/p>\n\n\n\n<ul style=\"margin-top:0;margin-bottom:0;font-size:13px\" class=\"wp-block-list\">\n<li class=\"has-dm-sans-font-family\" style=\"margin-top:0;margin-bottom:0\">Lyhyt alkukartoitus kunkin lapsen tilanteesta<\/li>\n\n\n\n<li class=\"has-dm-sans-font-family\">10 kokoontumiskertaa <\/li>\n\n\n\n<li class=\"has-dm-sans-font-family\">Yhteenveto vanhemmille, mit\u00e4 tapaamisissa on tehty<\/li>\n<\/ul>\n\n\n\n<p style=\"margin-top:var(--wp--preset--spacing--30);margin-bottom:var(--wp--preset--spacing--30);font-size:13px\"><em>Sopii lapsille, jotka hy\u00f6tyv\u00e4t tunnetaitojen opettelusta ryhm\u00e4ss\u00e4. Arviointi ryhm\u00e4n sopivuudesta lapselle tapahtuu ohjaajan ja vanhemman\/huoltajan yhteisty\u00f6ss\u00e4. <\/em><\/p>\n\n\n\n<p style=\"margin-top:var(--wp--preset--spacing--30);margin-bottom:var(--wp--preset--spacing--30);font-size:13px;font-style:italic;font-weight:700\">T\u00e4ss\u00e4 ilmoitetaan seuraavasta ryhm\u00e4st\u00e4.<\/p>\n\n\n\n<p style=\"margin-top:var(--wp--preset--spacing--30);margin-bottom:var(--wp--preset--spacing--30);font-size:13px;font-style:italic;font-weight:700\">Seuraavan ryhm\u00e4n ajankohta ei t\u00e4ll\u00e4 hetkell\u00e4 tiedossa<em>.<\/em><\/p>\n\n\n\n<hr class=\"wp-block-separator has-alpha-channel-opacity is-style-wide\"\/>\n\n\n\n<div class=\"wp-block-buttons is-layout-flex wp-block-buttons-is-layout-flex\">\n<div class=\"wp-block-button\"><a class=\"wp-block-button__link has-text-align-left wp-element-button\" href=\"https:\/\/tunnos.fi\/index.php\/yhteystiedot\/\">Ota yhteytt\u00e4<\/a><\/div>\n<\/div>\n\n\n\n<p><\/p>\n","protected":false},"excerpt":{"rendered":"<p>Tunnos \u2013 Kasvun tuokio 50 \u20ac Matalan kynnyksen tuki silloin, kun huoli tai kysymys on viel\u00e4 pieni \u2013 tai kun kaipaat ammattilaisen n\u00e4k\u00f6kulmaa arjen tilanteeseen. Sis\u00e4lt\u00e4\u00e4: Sopii tilanteisiin, joissa kaipaat nopeaa kuuntelua ja tilanteen selkeytt\u00e4mist\u00e4. Tunnos \u2013 Kasvun paloja 75\u20ac WhatsApp-viestill\u00e4 apua arjen yksitt\u00e4isiin ja nopeisiin tilanteisiin. Sis\u00e4lt\u00e4\u00e4: Sopii tilanteisiin, joissa kaipaat nopeaa ja helppoa [&hellip;]<\/p>\n","protected":false},"author":1,"featured_media":0,"parent":0,"menu_order":0,"comment_status":"closed","ping_status":"closed","template":"","meta":{"footnotes":""},"class_list":["post-53","page","type-page","status-publish","hentry"],"_links":{"self":[{"href":"https:\/\/tunnos.fi\/index.php\/wp-json\/wp\/v2\/pages\/53","targetHints":{"allow":["GET"]}}],"collection":[{"href":"https:\/\/tunnos.fi\/index.php\/wp-json\/wp\/v2\/pages"}],"about":[{"href":"https:\/\/tunnos.fi\/index.php\/wp-json\/wp\/v2\/types\/page"}],"author":[{"embeddable":true,"href":"https:\/\/tunnos.fi\/index.php\/wp-json\/wp\/v2\/users\/1"}],"replies":[{"embeddable":true,"href":"https:\/\/tunnos.fi\/index.php\/wp-json\/wp\/v2\/comments?post=53"}],"version-history":[{"count":25,"href":"https:\/\/tunnos.fi\/index.php\/wp-json\/wp\/v2\/pages\/53\/revisions"}],"predecessor-version":[{"id":280,"href":"https:\/\/tunnos.fi\/index.php\/wp-json\/wp\/v2\/pages\/53\/revisions\/280"}],"wp:attachment":[{"href":"https:\/\/tunnos.fi\/index.php\/wp-json\/wp\/v2\/media?parent=53"}],"curies":[{"name":"wp","href":"https:\/\/api.w.org\/{rel}","templated":true}]}}