{"id":2,"date":"2026-01-19T19:19:39","date_gmt":"2026-01-19T19:19:39","guid":{"rendered":"https:\/\/tunnos.fi\/?page_id=2"},"modified":"2026-03-17T18:20:46","modified_gmt":"2026-03-17T18:20:46","slug":"etusivu","status":"publish","type":"page","link":"https:\/\/tunnos.fi\/","title":{"rendered":""},"content":{"rendered":"\n<figure class=\"wp-block-image aligncenter size-large is-resized has-custom-border is-style-rounded\"><img loading=\"lazy\" decoding=\"async\" width=\"1024\" height=\"979\" src=\"https:\/\/tunnos.fi\/wp-content\/uploads\/2026\/02\/Tunnos-1-1024x979.jpg\" alt=\"\" class=\"wp-image-60\" style=\"border-width:2px;aspect-ratio:1.045699059876326;width:351px;height:auto\" srcset=\"https:\/\/tunnos.fi\/wp-content\/uploads\/2026\/02\/Tunnos-1-1024x979.jpg 1024w, https:\/\/tunnos.fi\/wp-content\/uploads\/2026\/02\/Tunnos-1-300x287.jpg 300w\" sizes=\"auto, (max-width: 1024px) 100vw, 1024px\" \/><\/figure>\n\n\n\n<div style=\"height:1px\" aria-hidden=\"true\" class=\"wp-block-spacer\"><\/div>\n\n\n\n<p class=\"has-text-align-center\" style=\"font-style:italic;font-weight:400\">Jokainen tunne on mahdollisuus.<\/p>\n\n\n\n<div style=\"height:1px\" aria-hidden=\"true\" class=\"wp-block-spacer\"><\/div>\n\n\n\n<div class=\"wp-block-group alignfull has-global-padding is-layout-constrained wp-container-core-group-is-layout-f0021e72 wp-block-group-is-layout-constrained\" style=\"border-style:none;border-width:0px;margin-top:0;margin-bottom:0;padding-top:var(--wp--preset--spacing--50);padding-right:var(--wp--preset--spacing--50);padding-bottom:var(--wp--preset--spacing--50);padding-left:var(--wp--preset--spacing--50)\">\n<div class=\"wp-block-group has-global-padding is-layout-constrained wp-container-core-group-is-layout-650790e1 wp-block-group-is-layout-constrained\">\n<h1 class=\"wp-block-heading has-text-align-center has-dm-sans-font-family\" style=\"font-size:clamp(21.027px, 1.314rem + ((1vw - 3.2px) * 1.474), 34px);\">Kasvatuksen ja tunnetaitojen tukea<\/h1>\n\n\n\n<div style=\"height:1.25rem\" aria-hidden=\"true\" class=\"wp-block-spacer\"><\/div>\n\n\n\n<p class=\"has-text-align-left has-dm-sans-font-family\" style=\"border-style:none;border-width:0px;margin-top:0;margin-bottom:0;font-size:14px\">Tunnos kulkee rinnalla silloin, kun tunnet olosi lasten ja nuorten kanssa kuormittavaksi, h\u00e4mment\u00e4v\u00e4ksi tai neuvottomaksi. <\/p>\n\n\n\n<div style=\"height:20px\" aria-hidden=\"true\" class=\"wp-block-spacer\"><\/div>\n<\/div>\n\n\n\n<div class=\"wp-block-group has-global-padding is-layout-constrained wp-container-core-group-is-layout-a07e3054 wp-block-group-is-layout-constrained\" style=\"margin-top:0;margin-bottom:0\">\n<p class=\"has-text-align-left has-dm-sans-font-family\" style=\"margin-top:0;margin-bottom:0;font-size:14px\">Tunnos on kasvatuksen asiantuntijayritys, joka tarjoaa tukea ja ohjausta kasvatukseen, tunnetaitoihin ja el\u00e4m\u00e4n haastaviin tilanteisiin lasten ja nuorten kanssa. Palvelut on suunnattu kasvattajille, jotka kaipaavat luotettavaa keskustelua, ymm\u00e4rryst\u00e4, ohjausta ja konkreettisia keinoja.<\/p>\n\n\n\n<div style=\"height:20px\" aria-hidden=\"true\" class=\"wp-block-spacer\"><\/div>\n<\/div>\n\n\n\n<div class=\"wp-block-group has-global-padding is-layout-constrained wp-container-core-group-is-layout-e6d39b68 wp-block-group-is-layout-constrained\" style=\"margin-top:0;margin-bottom:0\">\n<p class=\"has-dm-sans-font-family\" style=\"margin-top:0;margin-bottom:0;font-size:14px\">Tunnoksen ty\u00f6 perustuu kasvatustieteelliseen ja kokemukselliseen osaamiseen sek\u00e4 tunnetaitoty\u00f6skentelyyn.<\/p>\n\n\n\n<div style=\"height:40px\" aria-hidden=\"true\" class=\"wp-block-spacer\"><\/div>\n\n\n\n<figure class=\"wp-block-image aligncenter size-large is-resized has-custom-border is-style-rounded\"><img loading=\"lazy\" decoding=\"async\" width=\"1024\" height=\"1024\" src=\"https:\/\/tunnos.fi\/wp-content\/uploads\/2026\/03\/Tunnos_2-1024x1024.jpg\" alt=\"\" class=\"wp-image-130\" style=\"border-width:2px;width:334px;height:auto\" srcset=\"https:\/\/tunnos.fi\/wp-content\/uploads\/2026\/03\/Tunnos_2-1024x1024.jpg 1024w, https:\/\/tunnos.fi\/wp-content\/uploads\/2026\/03\/Tunnos_2-300x300.jpg 300w, https:\/\/tunnos.fi\/wp-content\/uploads\/2026\/03\/Tunnos_2-150x150.jpg 150w, https:\/\/tunnos.fi\/wp-content\/uploads\/2026\/03\/Tunnos_2-768x768.jpg 768w, https:\/\/tunnos.fi\/wp-content\/uploads\/2026\/03\/Tunnos_2-1536x1536.jpg 1536w, https:\/\/tunnos.fi\/wp-content\/uploads\/2026\/03\/Tunnos_2-2048x2048.jpg 2048w\" sizes=\"auto, (max-width: 1024px) 100vw, 1024px\" \/><\/figure>\n<\/div>\n\n\n\n<div style=\"height:10px\" aria-hidden=\"true\" class=\"wp-block-spacer\"><\/div>\n\n\n\n<h3 class=\"wp-block-heading is-style-asterisk has-dm-sans-font-family\" style=\"border-style:none;border-width:0px;margin-top:var(--wp--preset--spacing--30);margin-bottom:var(--wp--preset--spacing--30);font-size:clamp(14px, 0.875rem + ((1vw - 3.2px) * 0.341), 17px);\">Ty\u00f6n keski\u00f6ss\u00e4 ovat:<\/h3>\n\n\n\n<ul style=\"margin-top:0;margin-bottom:0;line-height:1.75\" class=\"wp-block-list is-style-checkmark-list\">\n<li class=\"has-dm-sans-font-family\" style=\"margin-top:0;margin-bottom:0;font-size:14px\">Lapsen ja vanhemman kohtaaminen<\/li>\n\n\n\n<li class=\"has-dm-sans-font-family\" style=\"font-size:14px\">Tunteiden tunnistaminen ja sanoittaminen<\/li>\n\n\n\n<li class=\"has-dm-sans-font-family\" style=\"font-size:14px\">Lempe\u00e4t, toimivat ja arkea tukevat keinot<\/li>\n\n\n\n<li class=\"has-dm-sans-font-family\" style=\"font-size:14px\">Toivon ja luottamuksen vahvistaminen<\/li>\n\n\n\n<li class=\"has-dm-sans-font-family\" style=\"font-size:14px\">Kasvatuksen selkeytt\u00e4minen<\/li>\n\n\n\n<li class=\"has-dm-sans-font-family\" style=\"font-size:14px\">My\u00f6nteisen vuorovaikutuksen lis\u00e4\u00e4minen kasvattajan ja lapsen v\u00e4lill\u00e4<\/li>\n<\/ul>\n\n\n\n<div class=\"wp-block-group has-global-padding is-layout-constrained wp-container-core-group-is-layout-650790e1 wp-block-group-is-layout-constrained\">\n<div style=\"height:1.25rem\" aria-hidden=\"true\" class=\"wp-block-spacer\"><\/div>\n\n\n\n<div class=\"wp-block-buttons is-content-justification-center is-layout-flex wp-container-core-buttons-is-layout-a89b3969 wp-block-buttons-is-layout-flex\">\n<div class=\"wp-block-button\"><a class=\"wp-block-button__link wp-element-button\" href=\"https:\/\/tunnos.fi\/index.php\/palvelut\/\">Palvelut<\/a><\/div>\n<\/div>\n<\/div>\n<\/div>\n","protected":false},"excerpt":{"rendered":"<p>Jokainen tunne on mahdollisuus. Kasvatuksen ja tunnetaitojen tukea Tunnos kulkee rinnalla silloin, kun tunnet olosi lasten ja nuorten kanssa kuormittavaksi, h\u00e4mment\u00e4v\u00e4ksi tai neuvottomaksi. Tunnos on kasvatuksen asiantuntijayritys, joka tarjoaa tukea ja ohjausta kasvatukseen, tunnetaitoihin ja el\u00e4m\u00e4n haastaviin tilanteisiin lasten ja nuorten kanssa. Palvelut on suunnattu kasvattajille, jotka kaipaavat luotettavaa keskustelua, ymm\u00e4rryst\u00e4, ohjausta ja konkreettisia keinoja. [&hellip;]<\/p>\n","protected":false},"author":1,"featured_media":0,"parent":0,"menu_order":0,"comment_status":"closed","ping_status":"closed","template":"","meta":{"footnotes":""},"class_list":["post-2","page","type-page","status-publish","hentry"],"_links":{"self":[{"href":"https:\/\/tunnos.fi\/index.php\/wp-json\/wp\/v2\/pages\/2","targetHints":{"allow":["GET"]}}],"collection":[{"href":"https:\/\/tunnos.fi\/index.php\/wp-json\/wp\/v2\/pages"}],"about":[{"href":"https:\/\/tunnos.fi\/index.php\/wp-json\/wp\/v2\/types\/page"}],"author":[{"embeddable":true,"href":"https:\/\/tunnos.fi\/index.php\/wp-json\/wp\/v2\/users\/1"}],"replies":[{"embeddable":true,"href":"https:\/\/tunnos.fi\/index.php\/wp-json\/wp\/v2\/comments?post=2"}],"version-history":[{"count":46,"href":"https:\/\/tunnos.fi\/index.php\/wp-json\/wp\/v2\/pages\/2\/revisions"}],"predecessor-version":[{"id":296,"href":"https:\/\/tunnos.fi\/index.php\/wp-json\/wp\/v2\/pages\/2\/revisions\/296"}],"wp:attachment":[{"href":"https:\/\/tunnos.fi\/index.php\/wp-json\/wp\/v2\/media?parent=2"}],"curies":[{"name":"wp","href":"https:\/\/api.w.org\/{rel}","templated":true}]}}